{"id":18810663,"date":"2025-01-10T10:47:41","date_gmt":"2025-01-10T09:47:41","guid":{"rendered":"https:\/\/www.tothepoint-ttp.com\/politique-de-confidentialite\/"},"modified":"2025-07-28T05:34:56","modified_gmt":"2025-07-28T03:34:56","slug":"politique-de-confidentialite","status":"publish","type":"page","link":"https:\/\/www.tothepoint-ttp.com\/fr\/politique-de-confidentialite\/","title":{"rendered":"Politique de confidentialit\u00e9"},"content":{"rendered":"<p>[et_pb_section fb_built=\u00a0\u00bb1&Prime; _builder_version=\u00a0\u00bb4.16&Prime; global_colors_info=\u00a0\u00bb{}\u00a0\u00bb][et_pb_row _builder_version=\u00a0\u00bb4.16&Prime; background_size=\u00a0\u00bbinitial\u00a0\u00bb background_position=\u00a0\u00bbtop_left\u00a0\u00bb background_repeat=\u00a0\u00bbrepeat\u00a0\u00bb global_colors_info=\u00a0\u00bb{}\u00a0\u00bb][et_pb_column type=\u00a0\u00bb4_4&Prime; _builder_version=\u00a0\u00bb4.16&Prime; custom_padding=\u00a0\u00bb|||\u00a0\u00bb global_colors_info=\u00a0\u00bb{}\u00a0\u00bb custom_padding__hover=\u00a0\u00bb|||\u00a0\u00bb][et_pb_text _builder_version=\u00a0\u00bb4.27.4&Prime; background_size=\u00a0\u00bbinitial\u00a0\u00bb background_position=\u00a0\u00bbtop_left\u00a0\u00bb background_repeat=\u00a0\u00bbrepeat\u00a0\u00bb hover_enabled=\u00a0\u00bb0&Prime; global_colors_info=\u00a0\u00bb{}\u00a0\u00bb header_2_line_height=\u00a0\u00bb1.3em\u00a0\u00bb header_line_height=\u00a0\u00bb1.4em\u00a0\u00bb sticky_enabled=\u00a0\u00bb0&Prime;]<\/p>\n<h1>Politique de confidentialit\u00e9 et gestion des cookies<\/h1>\n<p>Pour que ce site fonctionne correctement, nous pla\u00e7ons parfois de petits fichiers de donn\u00e9es appel\u00e9s cookies sur votre appareil.<\/p>\n<h2>Qu&rsquo;est-ce qu&rsquo;un cookie ?<\/h2>\n<p>Un cookie est un petit fichier texte qu&rsquo;un site web enregistre sur votre ordinateur ou votre appareil mobile lorsque vous le visitez. Il permet au site web de se souvenir de vos actions et de vos pr\u00e9f\u00e9rences (telles que le login, la langue, la taille de la police et d&rsquo;autres pr\u00e9f\u00e9rences) pendant un certain temps. De cette mani\u00e8re, vous n&rsquo;avez pas besoin de r\u00e9introduire vos pr\u00e9f\u00e9rences chaque fois que vous revenez sur le site ou que vous naviguez d&rsquo;une page \u00e0 l&rsquo;autre.  <\/p>\n<h2>Cookies n\u00e9cessaires<\/h2>\n<p>Ces cookies sont essentiels. Ils vous permettent de vous d\u00e9placer sur les sites web ou les propri\u00e9t\u00e9s en ligne et d&rsquo;utiliser leurs fonctions, comme l&rsquo;acc\u00e8s aux zones s\u00e9curis\u00e9es d&rsquo;un site web. Sans ces cookies, TO THE POINT ne peut pas fournir les services que vous avez demand\u00e9s, comme les zones de connexion s\u00e9curis\u00e9es, les paniers d&rsquo;achat ou la facturation \u00e9lectronique. En utilisant ce Site, vous acceptez que nous placions ce type de cookies sur votre appareil.   <\/p>\n<h2>Cookies de performance<\/h2>\n<p>Collecter des informations sur la mani\u00e8re dont les visiteurs utilisent un site web ou une propri\u00e9t\u00e9 en ligne. Par exemple, les pages que les visiteurs consultent le plus souvent, et s&rsquo;ils obtiennent des messages d&rsquo;erreur sur les pages web. Ils ne recueillent pas d&rsquo;informations sur l&rsquo;identit\u00e9 r\u00e9elle (par exemple, le pr\u00e9nom et le nom de famille) d&rsquo;un visiteur. Toutes les informations recueillies par ces cookies sont agr\u00e9g\u00e9es et anonymes. Elles ne sont utilis\u00e9es que pour am\u00e9liorer le fonctionnement d&rsquo;un site web ou d&rsquo;une autre propri\u00e9t\u00e9 en ligne. Nous passons g\u00e9n\u00e9ralement des contrats avec des soci\u00e9t\u00e9s de recherche et de mesure ind\u00e9pendantes, telles que Google Analytics, pour fournir ces cookies.     <\/p>\n<p>Ces tiers disposent \u00e9galement de leurs propres r\u00e8gles de confidentialit\u00e9. Pour plus d&rsquo;informations sur Google Analytics et pour des liens vers la politique de confidentialit\u00e9 de Google, rendez-vous sur www.google.com\/intl\/en\/analytics\/privacyoverview.html. En utilisant ce site, vous acceptez que nous placions ce type de cookies sur votre appareil.  <\/p>\n<h2>Cookies de fonctionnalit\u00e9<\/h2>\n<p>Ils permettent au site web ou \u00e0 la propri\u00e9t\u00e9 en ligne de se souvenir des choix que vous faites (tels que le nom d&rsquo;utilisateur, la langue ou la r\u00e9gion dans laquelle vous vous trouvez) et d&rsquo;offrir des fonctions personnelles am\u00e9lior\u00e9es. Ils peuvent \u00e9galement \u00eatre utilis\u00e9s pour m\u00e9moriser les modifications que vous avez apport\u00e9es \u00e0 la taille du texte, aux polices de caract\u00e8res et \u00e0 d&rsquo;autres parties des pages web que vous pouvez personnaliser. Ils peuvent \u00e9galement \u00eatre utilis\u00e9s pour fournir des services que vous avez demand\u00e9s, tels que le visionnage d&rsquo;une vid\u00e9o.  <\/p>\n<p>Les informations que ces cookies recueillent peuvent \u00eatre anonymes et ils ne peuvent pas suivre votre activit\u00e9 de navigation sur d&rsquo;autres sites web. En utilisant ce site, vous acceptez que nous placions ce type de cookies sur votre appareil. <\/p>\n<h2>Cookies publicitaires<\/h2>\n<p>Ils sont utilis\u00e9s pour diffuser des publicit\u00e9s plus pertinentes pour vous et vos centres d&rsquo;int\u00e9r\u00eat. Ils permettent \u00e9galement de limiter le nombre de fois o\u00f9 vous voyez une publicit\u00e9 et de mesurer l&rsquo;efficacit\u00e9 de la campagne publicitaire. Ils sont g\u00e9n\u00e9ralement plac\u00e9s par des r\u00e9seaux publicitaires avec l&rsquo;autorisation de l&rsquo;exploitant du site web ou de la propri\u00e9t\u00e9 en ligne. Ils se souviennent que vous avez visit\u00e9 un site web et cette information est partag\u00e9e avec d&rsquo;autres organisations telles que les annonceurs. Les cookies publicitaires sont souvent li\u00e9s \u00e0 une fonctionnalit\u00e9 du site fournie par l&rsquo;autre organisation.    <\/p>\n<h2>Les tiers<\/h2>\n<p>Dans certains pays, TO THE POINT peut s&rsquo;associer \u00e0 des soci\u00e9t\u00e9s tierces de publicit\u00e9 et d&rsquo;analyse en ligne pour adapter et fournir des publicit\u00e9s, des produits, des services et des promotions. Avec d&rsquo;autres propri\u00e9t\u00e9s en ligne que nous ne contr\u00f4lons pas. Afin de s\u00e9lectionner les meilleures publicit\u00e9s pour vous, ces soci\u00e9t\u00e9s peuvent utiliser des cookies, la technologie Flash et des technologies similaires pour collecter et suivre les informations. Telles que des donn\u00e9es d\u00e9mographiques (sexe, profession, etc.), des informations agr\u00e9g\u00e9es, des mots-cl\u00e9s de recherche, la g\u00e9olocalisation et des donn\u00e9es relatives \u00e0 l&rsquo;appareil (type de navigateur, langue, adresse IP, heure\/date). Cela permet de s\u00e9lectionner des publicit\u00e9s qui correspondent davantage \u00e0 vos int\u00e9r\u00eats, de mieux personnaliser votre exp\u00e9rience et d&rsquo;adapter les publicit\u00e9s. Des tiers peuvent \u00e9galement utiliser des cookies ou des technologies similaires pour collecter des informations anonymes ou li\u00e9es \u00e0 l&rsquo;appareil sur vos visites \u00e0 TO THE POINT. Ainsi, pour fournir des publicit\u00e9s de tiers sur des biens et services susceptibles de vous int\u00e9resser davantage.      <\/p>\n<p>TO THE POINT peut utiliser et partager des informations anonymes ou agr\u00e9g\u00e9es obtenues \u00e0 partir de cookies avec des tiers tels que des vendeurs ou des partenaires publicitaires. Un exemple d&rsquo;utilisation de ces informations serait la cr\u00e9ation de cat\u00e9gories d&rsquo;int\u00e9r\u00eat ou de segments bas\u00e9s sur la r\u00e9gion, les pr\u00e9f\u00e9rences ou une combinaison de ces \u00e9l\u00e9ments. Nous pouvons \u00e9galement partager avec des tiers des informations personnelles et non personnelles identifiables obtenues \u00e0 partir des cookies. Cela leur permettra de fournir des services en notre nom ou de s&rsquo;associer \u00e0 nous pour s\u00e9lectionner et diffuser des publicit\u00e9s pour nous ou nos partenaires publicitaires.<br \/>En utilisant ce site, vous acceptez que nous placions ce type de cookies sur votre appareil.   <\/p>\n<h2>Sites de r\u00e9seaux sociaux<\/h2>\n<p>Si vous vous \u00eates connect\u00e9 \u00e0 notre r\u00e9seau social, celui-ci a install\u00e9 un cookie sur votre appareil qui reconna\u00eet lorsque vous consultez du contenu sur nos sites web et autres propri\u00e9t\u00e9s en ligne. Ces cookies vous permettent de partager du contenu sur les m\u00e9dias sociaux en utilisant les param\u00e8tres de partage. <\/p>\n<p>Si vous vous \u00eates connect\u00e9 par l&rsquo;interm\u00e9diaire de votre r\u00e9seau social, celui-ci a install\u00e9 un cookie sur votre appareil qui reconna\u00eet lorsque vous consultez du contenu sur nos sites web et autres propri\u00e9t\u00e9s en ligne. Ces cookies vous permettent de partager du contenu sur les m\u00e9dias sociaux en utilisant les param\u00e8tres de partage. Pour plus de d\u00e9tails, reportez-vous aux conditions d&rsquo;utilisation et \u00e0 la politique de confidentialit\u00e9 de votre site de r\u00e9seau social.  <\/p>\n<h2>Comment contr\u00f4ler les cookies ?<\/h2>\n<p>Vous pouvez contr\u00f4ler et\/ou supprimer les cookies comme vous le souhaitez. Vous pouvez supprimer tous les cookies qui se trouvent d\u00e9j\u00e0 sur votre ordinateur et param\u00e9trer la plupart des navigateurs pour emp\u00eacher leur installation. Toutefois, dans ce cas, il se peut que vous deviez ajuster manuellement certaines pr\u00e9f\u00e9rences chaque fois que vous visitez un site, car certains services et fonctionnalit\u00e9s risquent de ne pas fonctionner.  <\/p>\n<h1>Politique de confidentialit\u00e9 <\/h1>\n<p>Cette politique s&rsquo;applique aux activit\u00e9s et aux sites de TO THE POINT.<\/p>\n<h2>Les visiteurs du site<\/h2>\n<p>Comme la plupart des exploitants de sites Web, TO THE POINT recueille des renseignements non personnels que les navigateurs et les serveurs Web mettent \u00e0 sa disposition. Il s&rsquo;agit d&rsquo;informations telles que le type de navigateur, la langue pr\u00e9f\u00e9r\u00e9e, le site de r\u00e9f\u00e9rence et la date\/heure de chaque visiteur. L&rsquo;objectif de la collecte d&rsquo;informations non personnelles est de mieux comprendre comment les visiteurs de L&rsquo;ESPACE POINT utilisent le site web. De temps \u00e0 autre, TO THE POINT peut publier des informations non personnelles dans l&rsquo;ensemble. Par exemple, en publiant un rapport sur les tendances d&rsquo;utilisation de son site web.    <\/p>\n<p>Recueille des informations personnelles potentielles telles que les adresses de protocole Internet (IP) pour les utilisateurs qui se connectent et laissent des commentaires sur les blogs\/sites web de TO THE POINT. Il ne divulgue les adresses IP des utilisateurs connect\u00e9s et des commentaires que dans les m\u00eames conditions que les informations personnelles. \u00c0 l&rsquo;exception de l&rsquo;adresse IP et de l&rsquo;adresse \u00e9lectronique des commentaires, qui sont visibles et divulgu\u00e9es aux administrateurs du blog\/site sur lequel le commentaire a \u00e9t\u00e9 laiss\u00e9.  <\/p>\n<h2>Collecte d&rsquo;informations d&rsquo;identification personnelle<\/h2>\n<p>Certains visiteurs des sites web de TO THE POINT choisissent d&rsquo;interagir d&rsquo;une certaine mani\u00e8re qui n\u00e9cessite la collecte d&rsquo;informations personnelles. La quantit\u00e9 et le type d&rsquo;informations que TO THE POINT recueille d\u00e9pendent de la nature de l&rsquo;interaction. Par exemple, nous demandons aux visiteurs qui se sont inscrits sur TO THE POINT de fournir leur nom d&rsquo;utilisateur et leur adresse \u00e9lectronique. Ceux qui s&rsquo;engagent dans des transactions avec le POINT sont invit\u00e9s \u00e0 fournir des informations suppl\u00e9mentaires. En particulier, des informations personnelles et financi\u00e8res sont requises pour traiter ces transactions.    <\/p>\n<p>Dans tous les cas, le POINT ne recueille que les informations n\u00e9cessaires ou appropri\u00e9es pour atteindre l&rsquo;objectif de l&rsquo;interaction du visiteur avec le POINT. Le POINT ne divulgue pas d&rsquo;informations personnelles autres que celles d\u00e9crites ci-dessous. Les visiteurs peuvent toujours refuser de fournir leurs informations personnelles. Toutefois, ils doivent savoir que cela peut les emp\u00eacher de participer \u00e0 certaines activit\u00e9s li\u00e9es au site web.   <\/p>\n<h2>Statistiques agr\u00e9g\u00e9es<\/h2>\n<p>TO THE POINT peut collecter des statistiques sur le comportement des visiteurs sur ses sites web. Ils peuvent \u00e9galement afficher ces informations en public ou \u00e0 d&rsquo;autres. Cependant, TO THE POINT ne divulgue pas d&rsquo;informations personnelles autres que celles d\u00e9crites ci-dessous.  <\/p>\n<h2>Protection des informations d&rsquo;identification personnelle<\/h2>\n<p>TO THE POINT ne divulgue les informations personnelles qu&rsquo;\u00e0 ses employ\u00e9s, entrepreneurs et organisations affili\u00e9es. A ceux (i) qui ont besoin de traiter l&rsquo;information au nom de TO THE POINT ou de fournir des services disponibles sur les sites Web de TO THE POINT. Et (ii) \u00e0 ceux qui ont accept\u00e9 de ne pas divulguer les informations \u00e0 d&rsquo;autres. Certains de ces employ\u00e9s, contractants et organisations affili\u00e9es peuvent \u00eatre situ\u00e9s en dehors de votre pays d&rsquo;origine. En utilisant les sites web de TO THE POINT, vous consentez \u00e0 ce que ces informations leur soient transf\u00e9r\u00e9es.      <\/p>\n<p>Ils ne loueront ni ne vendront d&rsquo;informations personnelles \u00e0 quiconque, \u00e0 l&rsquo;exception de leurs employ\u00e9s, de leurs sous-traitants et de leurs organisations affili\u00e9es, comme d\u00e9crit ci-dessus. TO THE POINT ne divulgue des informations personnelles qu&rsquo;en r\u00e9ponse \u00e0 un d\u00e9cret, \u00e0 une ordonnance du tribunal ou \u00e0 d&rsquo;autres demandes gouvernementales. De m\u00eame, en r\u00e9ponse \u00e0 une demande lorsque TO THE POINT estime en toute bonne foi que la divulgation est n\u00e9cessaire pour prot\u00e9ger sa propri\u00e9t\u00e9 et ses droits, des tiers ou le public en g\u00e9n\u00e9ral.  <\/p>\n<p>Si vous \u00eates un utilisateur enregistr\u00e9 d&rsquo;un site web de TO THE POINT et que vous avez fourni votre adresse e-mail, vous pouvez recevoir occasionnellement un e-mail sur les nouvelles fonctionnalit\u00e9s. Vous pouvez \u00e9galement recevoir un courriel pour demander un retour d&rsquo;information ou vous tenir au courant des activit\u00e9s de TO THE POINT. Si vous envoyez une demande (par courrier \u00e9lectronique ou par l&rsquo;un de nos m\u00e9canismes de retour d&rsquo;information), nous nous r\u00e9servons le droit de la publier. Cela nous aidera \u00e0 clarifier les choses, \u00e0 aider les autres utilisateurs ou \u00e0 r\u00e9pondre \u00e0 votre demande. TO THE POINT prend toutes les mesures n\u00e9cessaires pour se prot\u00e9ger contre l&rsquo;acc\u00e8s, l&rsquo;utilisation, la modification ou la destruction non autoris\u00e9s des informations personnelles.    <\/p>\n<h2>Cookies<\/h2>\n<p>Un cookie est une cha\u00eene d&rsquo;informations qu&rsquo;un site web stocke sur l&rsquo;appareil d&rsquo;un visiteur et que le navigateur du visiteur fournit au site web \u00e0 chaque retour. TO THE POINT utilise des cookies pour identifier et suivre les visiteurs, leur utilisation et leurs pr\u00e9f\u00e9rences d&rsquo;acc\u00e8s au site web. <\/p>\n<p>Les visiteurs qui ne souhaitent pas que des cookies soient install\u00e9s sur leurs appareils doivent configurer leur navigateur de mani\u00e8re \u00e0 refuser les cookies avant d&rsquo;utiliser les sites web. L&rsquo;inconv\u00e9nient est que certaines fonctionnalit\u00e9s des sites web de TO THE POINT peuvent ne pas fonctionner correctement sans l&rsquo;aide des cookies. <\/p>\n<h2>Transferts d&rsquo;activit\u00e9s<\/h2>\n<p>Si TO THE POINT ou tous ses actifs \u00e9taient acquis, les informations relatives aux utilisateurs seraient l&rsquo;un des actifs transf\u00e9r\u00e9s ou acquis par un tiers. Il en va de m\u00eame dans le cas improbable o\u00f9 TO THE POINT cesserait ses activit\u00e9s ou ferait faillite. Vous reconnaissez que de tels transferts peuvent avoir lieu et que tout acqu\u00e9reur de TO THE POINT peut continuer \u00e0 utiliser vos informations personnelles comme indiqu\u00e9 dans la pr\u00e9sente politique.  <\/p>\n<h2>Publicit\u00e9s<\/h2>\n<p>Les publicit\u00e9s apparaissant sur l&rsquo;un de nos sites web peuvent \u00eatre diffus\u00e9es aux utilisateurs par des partenaires publicitaires, qui peuvent installer des cookies. Ces cookies permettent au serveur publicitaire de reconna\u00eetre votre appareil chaque fois qu&rsquo;il vous envoie une publicit\u00e9 en ligne afin de compiler des informations sur vous ou sur d&rsquo;autres personnes qui utilisent votre appareil. Ces informations permettent aux r\u00e9seaux publicitaires de diffuser des annonces cibl\u00e9es qui vous int\u00e9ressent le plus. Cette politique de confidentialit\u00e9 couvre l&rsquo;utilisation des cookies par TO THE POINT et ne couvre pas l&rsquo;utilisation des cookies par les annonceurs.   <\/p>\n<h2>Modifications de la politique de confidentialit\u00e9<\/h2>\n<p>Bien que la plupart des modifications soient probablement mineures, TO THE POINT peut modifier sa politique de confidentialit\u00e9 de temps \u00e0 autre, et \u00e0 la seule discr\u00e9tion de TO THE POINT. TO THE POINT encourage les visiteurs \u00e0 consulter fr\u00e9quemment cette page pour prendre connaissance des changements apport\u00e9s \u00e0 sa politique de confidentialit\u00e9. Si vous avez un compte TO THE POINT, vous pourriez \u00e9galement recevoir une alerte vous informant de ces changements. En continuant \u00e0 utiliser ce site apr\u00e8s toute modification de la politique de confidentialit\u00e9, vous acceptez ces modifications.   <\/p>\n<p>[\/et_pb_text][\/et_pb_column][\/et_pb_row][\/et_pb_section]<\/p>\n","protected":false},"excerpt":{"rendered":"<p>Politique de confidentialit\u00e9 et gestion des cookies Pour que ce site fonctionne correctement, nous pla\u00e7ons parfois de petits fichiers de donn\u00e9es appel\u00e9s cookies sur votre appareil. Qu&rsquo;est-ce qu&rsquo;un cookie ? Un cookie est un petit fichier texte qu&rsquo;un site web enregistre sur votre ordinateur ou votre appareil mobile lorsque vous le visitez. Il permet au [&hellip;]<\/p>\n","protected":false},"author":1,"featured_media":0,"parent":0,"menu_order":0,"comment_status":"closed","ping_status":"open","template":"","meta":{"_et_pb_use_builder":"on","_et_pb_old_content":"","_et_gb_content_width":"","footnotes":""},"dipi_cpt_category":[],"difl_page_category":[],"class_list":["post-18810663","page","type-page","status-publish","hentry"],"_links":{"self":[{"href":"https:\/\/www.tothepoint-ttp.com\/fr\/wp-json\/wp\/v2\/pages\/18810663","targetHints":{"allow":["GET"]}}],"collection":[{"href":"https:\/\/www.tothepoint-ttp.com\/fr\/wp-json\/wp\/v2\/pages"}],"about":[{"href":"https:\/\/www.tothepoint-ttp.com\/fr\/wp-json\/wp\/v2\/types\/page"}],"author":[{"embeddable":true,"href":"https:\/\/www.tothepoint-ttp.com\/fr\/wp-json\/wp\/v2\/users\/1"}],"replies":[{"embeddable":true,"href":"https:\/\/www.tothepoint-ttp.com\/fr\/wp-json\/wp\/v2\/comments?post=18810663"}],"version-history":[{"count":2,"href":"https:\/\/www.tothepoint-ttp.com\/fr\/wp-json\/wp\/v2\/pages\/18810663\/revisions"}],"predecessor-version":[{"id":18810665,"href":"https:\/\/www.tothepoint-ttp.com\/fr\/wp-json\/wp\/v2\/pages\/18810663\/revisions\/18810665"}],"wp:attachment":[{"href":"https:\/\/www.tothepoint-ttp.com\/fr\/wp-json\/wp\/v2\/media?parent=18810663"}],"wp:term":[{"taxonomy":"dipi_cpt_category","embeddable":true,"href":"https:\/\/www.tothepoint-ttp.com\/fr\/wp-json\/wp\/v2\/dipi_cpt_category?post=18810663"},{"taxonomy":"difl_page_category","embeddable":true,"href":"https:\/\/www.tothepoint-ttp.com\/fr\/wp-json\/wp\/v2\/difl_page_category?post=18810663"}],"curies":[{"name":"wp","href":"https:\/\/api.w.org\/{rel}","templated":true}]}}